{"id":4396,"date":"2021-08-06T11:20:47","date_gmt":"2021-08-06T09:20:47","guid":{"rendered":"https:\/\/www.canrosell.com\/pastisseria\/"},"modified":"2025-10-29T10:53:39","modified_gmt":"2025-10-29T09:53:39","slug":"pasteleria","status":"publish","type":"page","link":"https:\/\/www.canrosell.com\/es\/pasteleria\/","title":{"rendered":"Pasteler\u00eda"},"content":{"rendered":"\t\t<div data-elementor-type=\"wp-page\" data-elementor-id=\"4396\" class=\"elementor elementor-4396 elementor-778\" data-elementor-settings=\"{&quot;ha_cmc_init_switcher&quot;:&quot;no&quot;}\" data-elementor-post-type=\"page\">\n\t\t\t\t\t\t<section class=\"elementor-section elementor-top-section elementor-element elementor-element-1db6237d elementor-section-boxed elementor-section-height-default elementor-section-height-default\" data-id=\"1db6237d\" data-element_type=\"section\" data-e-type=\"section\" data-settings=\"{&quot;_ha_eqh_enable&quot;:false}\">\n\t\t\t\t\t\t<div class=\"elementor-container elementor-column-gap-default\">\n\t\t\t\t\t<div class=\"elementor-column elementor-col-100 elementor-top-column elementor-element elementor-element-6c5cd330\" data-id=\"6c5cd330\" data-element_type=\"column\" data-e-type=\"column\">\n\t\t\t<div class=\"elementor-widget-wrap elementor-element-populated\">\n\t\t\t\t\t\t<div class=\"elementor-element elementor-element-441ea05 elementor-widget elementor-widget-heading\" data-id=\"441ea05\" data-element_type=\"widget\" data-e-type=\"widget\" data-widget_type=\"heading.default\">\n\t\t\t\t<div class=\"elementor-widget-container\">\n\t\t\t\t\t<h2 class=\"elementor-heading-title elementor-size-default\">Pasteler\u00eda<\/h2>\t\t\t\t<\/div>\n\t\t\t\t<\/div>\n\t\t\t\t<div class=\"elementor-element elementor-element-d0c3579 elementor-widget elementor-widget-text-editor\" data-id=\"d0c3579\" data-element_type=\"widget\" data-e-type=\"widget\" data-widget_type=\"text-editor.default\">\n\t\t\t\t<div class=\"elementor-widget-container\">\n\t\t\t\t\t\t\t\t\t<p>Nuestros productos al alcance de todos, donde quieras, cuando digas. Ahora te ofrecemos la posibilidad de degustar nuestros productos artesanos y de calidad de una manera m\u00e1s r\u00e1pida y sencilla a trav\u00e9s de nuestra tienda online.<\/p><p><span style=\"color: #ffcc00;\"><strong>Compra hasta las 14:30 h y recoge o te entregamos ma\u00f1ana.<\/strong><\/span><\/p>\t\t\t\t\t\t\t\t<\/div>\n\t\t\t\t<\/div>\n\t\t\t\t<div class=\"elementor-element elementor-element-9f5dfba elementor-widget elementor-widget-text-editor\" data-id=\"9f5dfba\" data-element_type=\"widget\" data-e-type=\"widget\" data-widget_type=\"text-editor.default\">\n\t\t\t\t<div class=\"elementor-widget-container\">\n\t\t\t\t\t\t\t\t\t<div>\u00a0<\/div><div><b>Pedido m\u00ednimo: recogida en tienda desde 6 \u20ac \/ a domicilio gratis a partir de 100 \u20ac<\/b><\/div>\t\t\t\t\t\t\t\t<\/div>\n\t\t\t\t<\/div>\n\t\t\t\t<section class=\"elementor-section elementor-inner-section elementor-element elementor-element-29400296 elementor-section-boxed elementor-section-height-default elementor-section-height-default\" data-id=\"29400296\" data-element_type=\"section\" data-e-type=\"section\" data-settings=\"{&quot;_ha_eqh_enable&quot;:false}\">\n\t\t\t\t\t\t<div class=\"elementor-container elementor-column-gap-default\">\n\t\t\t\t\t<div class=\"elementor-column elementor-col-20 elementor-inner-column elementor-element elementor-element-2a2d4b3a\" data-id=\"2a2d4b3a\" data-element_type=\"column\" data-e-type=\"column\">\n\t\t\t<div class=\"elementor-widget-wrap elementor-element-populated\">\n\t\t\t\t\t\t<div class=\"elementor-element elementor-element-5578990a elementor-widget elementor-widget-heading\" data-id=\"5578990a\" data-element_type=\"widget\" data-e-type=\"widget\" data-widget_type=\"heading.default\">\n\t\t\t\t<div class=\"elementor-widget-container\">\n\t\t\t\t\t<h2 class=\"elementor-heading-title elementor-size-default\"><a href=\"http:\/\/www.canrosell.com\/es\/caterings\">Catering<\/a><\/h2>\t\t\t\t<\/div>\n\t\t\t\t<\/div>\n\t\t\t\t\t<\/div>\n\t\t<\/div>\n\t\t\t\t<div class=\"elementor-column elementor-col-20 elementor-inner-column elementor-element elementor-element-3ff2b49f\" data-id=\"3ff2b49f\" data-element_type=\"column\" data-e-type=\"column\">\n\t\t\t<div class=\"elementor-widget-wrap elementor-element-populated\">\n\t\t\t\t\t\t<div class=\"elementor-element elementor-element-56dd613c elementor-widget elementor-widget-heading\" data-id=\"56dd613c\" data-element_type=\"widget\" data-e-type=\"widget\" data-widget_type=\"heading.default\">\n\t\t\t\t<div class=\"elementor-widget-container\">\n\t\t\t\t\t<h2 class=\"elementor-heading-title elementor-size-default\"><a href=\"https:\/\/www.canrosell.com\/es\/festividades\">Festividades<\/a><\/h2>\t\t\t\t<\/div>\n\t\t\t\t<\/div>\n\t\t\t\t\t<\/div>\n\t\t<\/div>\n\t\t\t\t<div class=\"elementor-column elementor-col-20 elementor-inner-column elementor-element elementor-element-440ca764\" data-id=\"440ca764\" data-element_type=\"column\" data-e-type=\"column\">\n\t\t\t<div class=\"elementor-widget-wrap elementor-element-populated\">\n\t\t\t\t\t\t<div class=\"elementor-element elementor-element-7e42e726 elementor-widget elementor-widget-heading\" data-id=\"7e42e726\" data-element_type=\"widget\" data-e-type=\"widget\" data-widget_type=\"heading.default\">\n\t\t\t\t<div class=\"elementor-widget-container\">\n\t\t\t\t\t<h2 class=\"elementor-heading-title elementor-size-default\"><a href=\"http:\/\/www.canrosell.com\/es\/bolleria\">Boller\u00eda<\/a><\/h2>\t\t\t\t<\/div>\n\t\t\t\t<\/div>\n\t\t\t\t\t<\/div>\n\t\t<\/div>\n\t\t\t\t<div class=\"elementor-column elementor-col-20 elementor-inner-column elementor-element elementor-element-6bbc85ab\" data-id=\"6bbc85ab\" data-element_type=\"column\" data-e-type=\"column\">\n\t\t\t<div class=\"elementor-widget-wrap elementor-element-populated\">\n\t\t\t\t\t\t<div class=\"elementor-element elementor-element-7c3fc83 elementor-widget elementor-widget-heading\" data-id=\"7c3fc83\" data-element_type=\"widget\" data-e-type=\"widget\" data-widget_type=\"heading.default\">\n\t\t\t\t<div class=\"elementor-widget-container\">\n\t\t\t\t\t<h2 class=\"elementor-heading-title elementor-size-default\"><a href=\"http:\/\/www.canrosell.com\/es\/pan\/\">Pan<\/a><\/h2>\t\t\t\t<\/div>\n\t\t\t\t<\/div>\n\t\t\t\t\t<\/div>\n\t\t<\/div>\n\t\t\t\t<div class=\"elementor-column elementor-col-20 elementor-inner-column elementor-element elementor-element-93e419b\" data-id=\"93e419b\" data-element_type=\"column\" data-e-type=\"column\">\n\t\t\t<div class=\"elementor-widget-wrap elementor-element-populated\">\n\t\t\t\t\t\t<div class=\"elementor-element elementor-element-14e9a1d5 elementor-widget elementor-widget-heading\" data-id=\"14e9a1d5\" data-element_type=\"widget\" data-e-type=\"widget\" data-widget_type=\"heading.default\">\n\t\t\t\t<div class=\"elementor-widget-container\">\n\t\t\t\t\t<h2 class=\"elementor-heading-title elementor-size-default\"><a href=\"https:\/\/www.canrosell.com\/es\/todos-los-productos\">Todos los productos<\/a><\/h2>\t\t\t\t<\/div>\n\t\t\t\t<\/div>\n\t\t\t\t\t<\/div>\n\t\t<\/div>\n\t\t\t\t\t<\/div>\n\t\t<\/section>\n\t\t\t\t<div class=\"elementor-element elementor-element-6898c9bc elementor-widget-divider--view-line elementor-widget elementor-widget-divider\" data-id=\"6898c9bc\" data-element_type=\"widget\" data-e-type=\"widget\" data-widget_type=\"divider.default\">\n\t\t\t\t<div class=\"elementor-widget-container\">\n\t\t\t\t\t\t\t<div class=\"elementor-divider\">\n\t\t\t<span class=\"elementor-divider-separator\">\n\t\t\t\t\t\t<\/span>\n\t\t<\/div>\n\t\t\t\t\t\t<\/div>\n\t\t\t\t<\/div>\n\t\t\t\t<div class=\"elementor-element elementor-element-7ebe9bb elementor-widget elementor-widget-heading\" data-id=\"7ebe9bb\" data-element_type=\"widget\" data-e-type=\"widget\" data-widget_type=\"heading.default\">\n\t\t\t\t<div class=\"elementor-widget-container\">\n\t\t\t\t\t<p class=\"elementor-heading-title elementor-size-default\">La tienda online no est\u00e1 disponible en castellano, por favor, recarga la p\u00e1gina en catal\u00e1n para ver los productos.\n<\/p>\t\t\t\t<\/div>\n\t\t\t\t<\/div>\n\t\t\t\t\t<\/div>\n\t\t<\/div>\n\t\t\t\t\t<\/div>\n\t\t<\/section>\n\t\t\t\t<\/div>\n\t\t","protected":false},"excerpt":{"rendered":"<p>Pasteler\u00eda Nuestros productos al alcance de todos, donde quieras, cuando digas. Ahora te ofrecemos la posibilidad de degustar nuestros productos artesanos y de calidad de una manera m\u00e1s r\u00e1pida y sencilla a trav\u00e9s de nuestra tienda online. Compra hasta las 14:30 h y recoge o te entregamos ma\u00f1ana. \u00a0Pedido m\u00ednimo: recogida en tienda desde 6 [&hellip;]<\/p>\n","protected":false},"author":1,"featured_media":0,"parent":0,"menu_order":0,"comment_status":"closed","ping_status":"closed","template":"elementor_header_footer","meta":{"_uag_custom_page_level_css":"","site-sidebar-layout":"no-sidebar","site-content-layout":"page-builder","ast-site-content-layout":"default","site-content-style":"default","site-sidebar-style":"default","ast-global-header-display":"","ast-banner-title-visibility":"","ast-main-header-display":"","ast-hfb-above-header-display":"","ast-hfb-below-header-display":"","ast-hfb-mobile-header-display":"","site-post-title":"disabled","ast-breadcrumbs-content":"","ast-featured-img":"disabled","footer-sml-layout":"","ast-disable-related-posts":"","theme-transparent-header-meta":"default","adv-header-id-meta":"","stick-header-meta":"","header-above-stick-meta":"","header-main-stick-meta":"","header-below-stick-meta":"","astra-migrate-meta-layouts":"set","ast-page-background-enabled":"default","ast-page-background-meta":{"desktop":{"background-color":"","background-image":"","background-repeat":"repeat","background-position":"center center","background-size":"auto","background-attachment":"scroll","background-type":"","background-media":"","overlay-type":"","overlay-color":"","overlay-opacity":"","overlay-gradient":""},"tablet":{"background-color":"","background-image":"","background-repeat":"repeat","background-position":"center center","background-size":"auto","background-attachment":"scroll","background-type":"","background-media":"","overlay-type":"","overlay-color":"","overlay-opacity":"","overlay-gradient":""},"mobile":{"background-color":"","background-image":"","background-repeat":"repeat","background-position":"center center","background-size":"auto","background-attachment":"scroll","background-type":"","background-media":"","overlay-type":"","overlay-color":"","overlay-opacity":"","overlay-gradient":""}},"ast-content-background-meta":{"desktop":{"background-color":"var(--ast-global-color-5)","background-image":"","background-repeat":"repeat","background-position":"center center","background-size":"auto","background-attachment":"scroll","background-type":"","background-media":"","overlay-type":"","overlay-color":"","overlay-opacity":"","overlay-gradient":""},"tablet":{"background-color":"var(--ast-global-color-5)","background-image":"","background-repeat":"repeat","background-position":"center center","background-size":"auto","background-attachment":"scroll","background-type":"","background-media":"","overlay-type":"","overlay-color":"","overlay-opacity":"","overlay-gradient":""},"mobile":{"background-color":"var(--ast-global-color-5)","background-image":"","background-repeat":"repeat","background-position":"center center","background-size":"auto","background-attachment":"scroll","background-type":"","background-media":"","overlay-type":"","overlay-color":"","overlay-opacity":"","overlay-gradient":""}},"footnotes":""},"class_list":["post-4396","page","type-page","status-publish","hentry"],"yoast_head":"<!-- This site is optimized with the Yoast SEO plugin v27.2 - https:\/\/yoast.com\/product\/yoast-seo-wordpress\/ -->\n<title>Pastisseria<\/title>\n<meta name=\"robots\" content=\"index, follow, max-snippet:-1, max-image-preview:large, max-video-preview:-1\" \/>\n<link rel=\"canonical\" href=\"https:\/\/www.canrosell.com\/es\/pasteleria\/\" \/>\n<meta property=\"og:locale\" content=\"es_ES\" \/>\n<meta property=\"og:type\" content=\"article\" \/>\n<meta property=\"og:title\" content=\"Pastisseria\" \/>\n<meta property=\"og:description\" content=\"Pasteler\u00eda Nuestros productos al alcance de todos, donde quieras, cuando digas. Ahora te ofrecemos la posibilidad de degustar nuestros productos artesanos y de calidad de una manera m\u00e1s r\u00e1pida y sencilla a trav\u00e9s de nuestra tienda online. Compra hasta las 14:30 h y recoge o te entregamos ma\u00f1ana. \u00a0Pedido m\u00ednimo: recogida en tienda desde 6 [&hellip;]\" \/>\n<meta property=\"og:url\" content=\"https:\/\/www.canrosell.com\/es\/pasteleria\/\" \/>\n<meta property=\"og:site_name\" content=\"Can Rosell\" \/>\n<meta property=\"article:modified_time\" content=\"2025-10-29T09:53:39+00:00\" \/>\n<meta name=\"twitter:card\" content=\"summary_large_image\" \/>\n<meta name=\"twitter:label1\" content=\"Tiempo de lectura\" \/>\n\t<meta name=\"twitter:data1\" content=\"1 minuto\" \/>\n<script type=\"application\/ld+json\" class=\"yoast-schema-graph\">{\"@context\":\"https:\/\/schema.org\",\"@graph\":[{\"@type\":\"WebPage\",\"@id\":\"https:\/\/www.canrosell.com\/es\/pasteleria\/\",\"url\":\"https:\/\/www.canrosell.com\/es\/pasteleria\/\",\"name\":\"Pastisseria\",\"isPartOf\":{\"@id\":\"https:\/\/www.canrosell.com\/#website\"},\"datePublished\":\"2021-08-06T09:20:47+00:00\",\"dateModified\":\"2025-10-29T09:53:39+00:00\",\"breadcrumb\":{\"@id\":\"https:\/\/www.canrosell.com\/es\/pasteleria\/#breadcrumb\"},\"inLanguage\":\"es\",\"potentialAction\":[{\"@type\":\"ReadAction\",\"target\":[\"https:\/\/www.canrosell.com\/es\/pasteleria\/\"]}]},{\"@type\":\"BreadcrumbList\",\"@id\":\"https:\/\/www.canrosell.com\/es\/pasteleria\/#breadcrumb\",\"itemListElement\":[{\"@type\":\"ListItem\",\"position\":1,\"name\":\"Portada\",\"item\":\"https:\/\/www.canrosell.com\/es\/\"},{\"@type\":\"ListItem\",\"position\":2,\"name\":\"Pasteler\u00eda\"}]},{\"@type\":\"WebSite\",\"@id\":\"https:\/\/www.canrosell.com\/#website\",\"url\":\"https:\/\/www.canrosell.com\/\",\"name\":\"Can Rosell\",\"description\":\"\",\"potentialAction\":[{\"@type\":\"SearchAction\",\"target\":{\"@type\":\"EntryPoint\",\"urlTemplate\":\"https:\/\/www.canrosell.com\/?s={search_term_string}\"},\"query-input\":{\"@type\":\"PropertyValueSpecification\",\"valueRequired\":true,\"valueName\":\"search_term_string\"}}],\"inLanguage\":\"es\"}]}<\/script>\n<!-- \/ Yoast SEO plugin. -->","yoast_head_json":{"title":"Pastisseria","robots":{"index":"index","follow":"follow","max-snippet":"max-snippet:-1","max-image-preview":"max-image-preview:large","max-video-preview":"max-video-preview:-1"},"canonical":"https:\/\/www.canrosell.com\/es\/pasteleria\/","og_locale":"es_ES","og_type":"article","og_title":"Pastisseria","og_description":"Pasteler\u00eda Nuestros productos al alcance de todos, donde quieras, cuando digas. Ahora te ofrecemos la posibilidad de degustar nuestros productos artesanos y de calidad de una manera m\u00e1s r\u00e1pida y sencilla a trav\u00e9s de nuestra tienda online. Compra hasta las 14:30 h y recoge o te entregamos ma\u00f1ana. \u00a0Pedido m\u00ednimo: recogida en tienda desde 6 [&hellip;]","og_url":"https:\/\/www.canrosell.com\/es\/pasteleria\/","og_site_name":"Can Rosell","article_modified_time":"2025-10-29T09:53:39+00:00","twitter_card":"summary_large_image","twitter_misc":{"Tiempo de lectura":"1 minuto"},"schema":{"@context":"https:\/\/schema.org","@graph":[{"@type":"WebPage","@id":"https:\/\/www.canrosell.com\/es\/pasteleria\/","url":"https:\/\/www.canrosell.com\/es\/pasteleria\/","name":"Pastisseria","isPartOf":{"@id":"https:\/\/www.canrosell.com\/#website"},"datePublished":"2021-08-06T09:20:47+00:00","dateModified":"2025-10-29T09:53:39+00:00","breadcrumb":{"@id":"https:\/\/www.canrosell.com\/es\/pasteleria\/#breadcrumb"},"inLanguage":"es","potentialAction":[{"@type":"ReadAction","target":["https:\/\/www.canrosell.com\/es\/pasteleria\/"]}]},{"@type":"BreadcrumbList","@id":"https:\/\/www.canrosell.com\/es\/pasteleria\/#breadcrumb","itemListElement":[{"@type":"ListItem","position":1,"name":"Portada","item":"https:\/\/www.canrosell.com\/es\/"},{"@type":"ListItem","position":2,"name":"Pasteler\u00eda"}]},{"@type":"WebSite","@id":"https:\/\/www.canrosell.com\/#website","url":"https:\/\/www.canrosell.com\/","name":"Can Rosell","description":"","potentialAction":[{"@type":"SearchAction","target":{"@type":"EntryPoint","urlTemplate":"https:\/\/www.canrosell.com\/?s={search_term_string}"},"query-input":{"@type":"PropertyValueSpecification","valueRequired":true,"valueName":"search_term_string"}}],"inLanguage":"es"}]}},"uagb_featured_image_src":{"full":false,"thumbnail":false,"medium":false,"medium_large":false,"large":false,"1536x1536":false,"2048x2048":false,"woocommerce_thumbnail":false,"woocommerce_single":false,"woocommerce_gallery_thumbnail":false},"uagb_author_info":{"display_name":"CanRosellAdmin","author_link":"https:\/\/www.canrosell.com\/es\/author\/canroselladmin\/"},"uagb_comment_info":0,"uagb_excerpt":"Pasteler\u00eda Nuestros productos al alcance de todos, donde quieras, cuando digas. Ahora te ofrecemos la posibilidad de degustar nuestros productos artesanos y de calidad de una manera m\u00e1s r\u00e1pida y sencilla a trav\u00e9s de nuestra tienda online. Compra hasta las 14:30 h y recoge o te entregamos ma\u00f1ana. \u00a0Pedido m\u00ednimo: recogida en tienda desde 6&hellip;","jetpack_sharing_enabled":true,"_links":{"self":[{"href":"https:\/\/www.canrosell.com\/es\/wp-json\/wp\/v2\/pages\/4396","targetHints":{"allow":["GET"]}}],"collection":[{"href":"https:\/\/www.canrosell.com\/es\/wp-json\/wp\/v2\/pages"}],"about":[{"href":"https:\/\/www.canrosell.com\/es\/wp-json\/wp\/v2\/types\/page"}],"author":[{"embeddable":true,"href":"https:\/\/www.canrosell.com\/es\/wp-json\/wp\/v2\/users\/1"}],"replies":[{"embeddable":true,"href":"https:\/\/www.canrosell.com\/es\/wp-json\/wp\/v2\/comments?post=4396"}],"version-history":[{"count":11,"href":"https:\/\/www.canrosell.com\/es\/wp-json\/wp\/v2\/pages\/4396\/revisions"}],"predecessor-version":[{"id":4513,"href":"https:\/\/www.canrosell.com\/es\/wp-json\/wp\/v2\/pages\/4396\/revisions\/4513"}],"wp:attachment":[{"href":"https:\/\/www.canrosell.com\/es\/wp-json\/wp\/v2\/media?parent=4396"}],"curies":[{"name":"wp","href":"https:\/\/api.w.org\/{rel}","templated":true}]}}