{"id":4372,"date":"2021-08-06T11:12:31","date_gmt":"2021-08-06T09:12:31","guid":{"rendered":"https:\/\/www.canrosell.com\/caterings\/"},"modified":"2025-10-29T10:57:16","modified_gmt":"2025-10-29T09:57:16","slug":"caterings","status":"publish","type":"page","link":"https:\/\/www.canrosell.com\/es\/caterings\/","title":{"rendered":"Catering"},"content":{"rendered":"\t\t<div data-elementor-type=\"wp-page\" data-elementor-id=\"4372\" class=\"elementor elementor-4372 elementor-758\" data-elementor-settings=\"{&quot;ha_cmc_init_switcher&quot;:&quot;no&quot;}\" data-elementor-post-type=\"page\">\n\t\t\t\t\t\t<section class=\"elementor-section elementor-top-section elementor-element elementor-element-1db6237d elementor-section-boxed elementor-section-height-default elementor-section-height-default\" data-id=\"1db6237d\" data-element_type=\"section\" data-e-type=\"section\" data-settings=\"{&quot;_ha_eqh_enable&quot;:false}\">\n\t\t\t\t\t\t<div class=\"elementor-container elementor-column-gap-default\">\n\t\t\t\t\t<div class=\"elementor-column elementor-col-100 elementor-top-column elementor-element elementor-element-6c5cd330\" data-id=\"6c5cd330\" data-element_type=\"column\" data-e-type=\"column\">\n\t\t\t<div class=\"elementor-widget-wrap elementor-element-populated\">\n\t\t\t\t\t\t<div class=\"elementor-element elementor-element-6871c6f elementor-widget elementor-widget-heading\" data-id=\"6871c6f\" data-element_type=\"widget\" data-e-type=\"widget\" data-widget_type=\"heading.default\">\n\t\t\t\t<div class=\"elementor-widget-container\">\n\t\t\t\t\t<h2 class=\"elementor-heading-title elementor-size-default\">Catering<\/h2>\t\t\t\t<\/div>\n\t\t\t\t<\/div>\n\t\t\t\t<div class=\"elementor-element elementor-element-ed3d368 elementor-widget elementor-widget-text-editor\" data-id=\"ed3d368\" data-element_type=\"widget\" data-e-type=\"widget\" data-widget_type=\"text-editor.default\">\n\t\t\t\t<div class=\"elementor-widget-container\">\n\t\t\t\t\t\t\t\t\t<p>Hemos dise\u00f1ado diferentes bandejas dulces y saladas para tus reuniones y celebraciones. Ahora te ofrecemos la posibilidad de degustar nuestros productos artesanos y de calidad de una manera m\u00e1s r\u00e1pida y sencilla a trav\u00e9s de nuestra tienda online.<\/p><p><strong>Haz el pedido con 2 d\u00edas de antelaci\u00f3n hasta las 14:30.<\/strong><\/p>\t\t\t\t\t\t\t\t<\/div>\n\t\t\t\t<\/div>\n\t\t\t\t<div class=\"elementor-element elementor-element-ffb4daa elementor-widget elementor-widget-text-editor\" data-id=\"ffb4daa\" data-element_type=\"widget\" data-e-type=\"widget\" data-widget_type=\"text-editor.default\">\n\t\t\t\t<div class=\"elementor-widget-container\">\n\t\t\t\t\t\t\t\t\t<div><b>\u00a0<\/b><\/div><div><b>Pedido m\u00ednimo: recogida en tienda desde 6 \u20ac \/ entrega gratuita a domicilio a partir de 100 \u20ac<\/b><\/div>\t\t\t\t\t\t\t\t<\/div>\n\t\t\t\t<\/div>\n\t\t\t\t<section class=\"elementor-section elementor-inner-section elementor-element elementor-element-29400296 elementor-section-boxed elementor-section-height-default elementor-section-height-default\" data-id=\"29400296\" data-element_type=\"section\" data-e-type=\"section\" data-settings=\"{&quot;_ha_eqh_enable&quot;:false}\">\n\t\t\t\t\t\t<div class=\"elementor-container elementor-column-gap-default\">\n\t\t\t\t\t<div class=\"elementor-column elementor-col-20 elementor-inner-column elementor-element elementor-element-2a2d4b3a\" data-id=\"2a2d4b3a\" data-element_type=\"column\" data-e-type=\"column\">\n\t\t\t<div class=\"elementor-widget-wrap elementor-element-populated\">\n\t\t\t\t\t\t<div class=\"elementor-element elementor-element-5578990a elementor-widget elementor-widget-heading\" data-id=\"5578990a\" data-element_type=\"widget\" data-e-type=\"widget\" data-widget_type=\"heading.default\">\n\t\t\t\t<div class=\"elementor-widget-container\">\n\t\t\t\t\t<h2 class=\"elementor-heading-title elementor-size-default\"><a href=\"https:\/\/www.canrosell.com\/es\/festividades\">Festividades<\/a><\/h2>\t\t\t\t<\/div>\n\t\t\t\t<\/div>\n\t\t\t\t\t<\/div>\n\t\t<\/div>\n\t\t\t\t<div class=\"elementor-column elementor-col-20 elementor-inner-column elementor-element elementor-element-3ff2b49f\" data-id=\"3ff2b49f\" data-element_type=\"column\" data-e-type=\"column\">\n\t\t\t<div class=\"elementor-widget-wrap elementor-element-populated\">\n\t\t\t\t\t\t<div class=\"elementor-element elementor-element-56dd613c elementor-widget elementor-widget-heading\" data-id=\"56dd613c\" data-element_type=\"widget\" data-e-type=\"widget\" data-widget_type=\"heading.default\">\n\t\t\t\t<div class=\"elementor-widget-container\">\n\t\t\t\t\t<h2 class=\"elementor-heading-title elementor-size-default\"><a href=\"http:\/\/www.canrosell.com\/es\/bolleria\">Boller\u00eda<\/a><\/h2>\t\t\t\t<\/div>\n\t\t\t\t<\/div>\n\t\t\t\t\t<\/div>\n\t\t<\/div>\n\t\t\t\t<div class=\"elementor-column elementor-col-20 elementor-inner-column elementor-element elementor-element-440ca764\" data-id=\"440ca764\" data-element_type=\"column\" data-e-type=\"column\">\n\t\t\t<div class=\"elementor-widget-wrap elementor-element-populated\">\n\t\t\t\t\t\t<div class=\"elementor-element elementor-element-7e42e726 elementor-widget elementor-widget-heading\" data-id=\"7e42e726\" data-element_type=\"widget\" data-e-type=\"widget\" data-widget_type=\"heading.default\">\n\t\t\t\t<div class=\"elementor-widget-container\">\n\t\t\t\t\t<h2 class=\"elementor-heading-title elementor-size-default\"><a href=\"http:\/\/www.canrosell.com\/es\/pasteleria\">Pasteler\u00eda<\/a><\/h2>\t\t\t\t<\/div>\n\t\t\t\t<\/div>\n\t\t\t\t\t<\/div>\n\t\t<\/div>\n\t\t\t\t<div class=\"elementor-column elementor-col-20 elementor-inner-column elementor-element elementor-element-eb1590f\" data-id=\"eb1590f\" data-element_type=\"column\" data-e-type=\"column\">\n\t\t\t<div class=\"elementor-widget-wrap elementor-element-populated\">\n\t\t\t\t\t\t<div class=\"elementor-element elementor-element-30e4ce7 elementor-widget elementor-widget-heading\" data-id=\"30e4ce7\" data-element_type=\"widget\" data-e-type=\"widget\" data-widget_type=\"heading.default\">\n\t\t\t\t<div class=\"elementor-widget-container\">\n\t\t\t\t\t<h2 class=\"elementor-heading-title elementor-size-default\"><a href=\"http:\/\/www.canrosell.com\/es\/pan\/\">Pan<\/a><\/h2>\t\t\t\t<\/div>\n\t\t\t\t<\/div>\n\t\t\t\t\t<\/div>\n\t\t<\/div>\n\t\t\t\t<div class=\"elementor-column elementor-col-20 elementor-inner-column elementor-element elementor-element-6bbc85ab\" data-id=\"6bbc85ab\" data-element_type=\"column\" data-e-type=\"column\">\n\t\t\t<div class=\"elementor-widget-wrap elementor-element-populated\">\n\t\t\t\t\t\t<div class=\"elementor-element elementor-element-14e9a1d5 elementor-widget elementor-widget-heading\" data-id=\"14e9a1d5\" data-element_type=\"widget\" data-e-type=\"widget\" data-widget_type=\"heading.default\">\n\t\t\t\t<div class=\"elementor-widget-container\">\n\t\t\t\t\t<h2 class=\"elementor-heading-title elementor-size-default\"><a href=\"https:\/\/www.canrosell.com\/es\/todos-los-productos\">Todos los Productos<\/a><\/h2>\t\t\t\t<\/div>\n\t\t\t\t<\/div>\n\t\t\t\t\t<\/div>\n\t\t<\/div>\n\t\t\t\t\t<\/div>\n\t\t<\/section>\n\t\t\t\t<div class=\"elementor-element elementor-element-6898c9bc elementor-widget-divider--view-line elementor-widget elementor-widget-divider\" data-id=\"6898c9bc\" data-element_type=\"widget\" data-e-type=\"widget\" data-widget_type=\"divider.default\">\n\t\t\t\t<div class=\"elementor-widget-container\">\n\t\t\t\t\t\t\t<div class=\"elementor-divider\">\n\t\t\t<span class=\"elementor-divider-separator\">\n\t\t\t\t\t\t<\/span>\n\t\t<\/div>\n\t\t\t\t\t\t<\/div>\n\t\t\t\t<\/div>\n\t\t\t\t<div class=\"elementor-element elementor-element-f0a58ed elementor-widget elementor-widget-heading\" data-id=\"f0a58ed\" data-element_type=\"widget\" data-e-type=\"widget\" data-widget_type=\"heading.default\">\n\t\t\t\t<div class=\"elementor-widget-container\">\n\t\t\t\t\t<p class=\"elementor-heading-title elementor-size-default\">La tienda online no est\u00e1 disponible en castellano, por favor, recarga la p\u00e1gina en catal\u00e1n para ver los productos.<\/p>\t\t\t\t<\/div>\n\t\t\t\t<\/div>\n\t\t\t\t\t<\/div>\n\t\t<\/div>\n\t\t\t\t\t<\/div>\n\t\t<\/section>\n\t\t\t\t<\/div>\n\t\t","protected":false},"excerpt":{"rendered":"<p>Catering Hemos dise\u00f1ado diferentes bandejas dulces y saladas para tus reuniones y celebraciones. Ahora te ofrecemos la posibilidad de degustar nuestros productos artesanos y de calidad de una manera m\u00e1s r\u00e1pida y sencilla a trav\u00e9s de nuestra tienda online. Haz el pedido con 2 d\u00edas de antelaci\u00f3n hasta las 14:30. \u00a0Pedido m\u00ednimo: recogida en tienda [&hellip;]<\/p>\n","protected":false},"author":1,"featured_media":0,"parent":0,"menu_order":0,"comment_status":"closed","ping_status":"closed","template":"elementor_header_footer","meta":{"_uag_custom_page_level_css":"","site-sidebar-layout":"no-sidebar","site-content-layout":"page-builder","ast-site-content-layout":"full-width-container","site-content-style":"unboxed","site-sidebar-style":"unboxed","ast-global-header-display":"","ast-banner-title-visibility":"","ast-main-header-display":"","ast-hfb-above-header-display":"","ast-hfb-below-header-display":"","ast-hfb-mobile-header-display":"","site-post-title":"disabled","ast-breadcrumbs-content":"","ast-featured-img":"disabled","footer-sml-layout":"","ast-disable-related-posts":"","theme-transparent-header-meta":"default","adv-header-id-meta":"","stick-header-meta":"","header-above-stick-meta":"","header-main-stick-meta":"","header-below-stick-meta":"","astra-migrate-meta-layouts":"set","ast-page-background-enabled":"default","ast-page-background-meta":{"desktop":{"background-color":"","background-image":"","background-repeat":"repeat","background-position":"center center","background-size":"auto","background-attachment":"scroll","background-type":"","background-media":"","overlay-type":"","overlay-color":"","overlay-opacity":"","overlay-gradient":""},"tablet":{"background-color":"","background-image":"","background-repeat":"repeat","background-position":"center center","background-size":"auto","background-attachment":"scroll","background-type":"","background-media":"","overlay-type":"","overlay-color":"","overlay-opacity":"","overlay-gradient":""},"mobile":{"background-color":"","background-image":"","background-repeat":"repeat","background-position":"center center","background-size":"auto","background-attachment":"scroll","background-type":"","background-media":"","overlay-type":"","overlay-color":"","overlay-opacity":"","overlay-gradient":""}},"ast-content-background-meta":{"desktop":{"background-color":"var(--ast-global-color-5)","background-image":"","background-repeat":"repeat","background-position":"center center","background-size":"auto","background-attachment":"scroll","background-type":"","background-media":"","overlay-type":"","overlay-color":"","overlay-opacity":"","overlay-gradient":""},"tablet":{"background-color":"var(--ast-global-color-5)","background-image":"","background-repeat":"repeat","background-position":"center center","background-size":"auto","background-attachment":"scroll","background-type":"","background-media":"","overlay-type":"","overlay-color":"","overlay-opacity":"","overlay-gradient":""},"mobile":{"background-color":"var(--ast-global-color-5)","background-image":"","background-repeat":"repeat","background-position":"center center","background-size":"auto","background-attachment":"scroll","background-type":"","background-media":"","overlay-type":"","overlay-color":"","overlay-opacity":"","overlay-gradient":""}},"footnotes":""},"class_list":["post-4372","page","type-page","status-publish","hentry"],"yoast_head":"<!-- This site is optimized with the Yoast SEO plugin v27.2 - https:\/\/yoast.com\/product\/yoast-seo-wordpress\/ -->\n<title>C\u00e0terings. Safates dolces i salades per reunions i celebracions<\/title>\n<meta name=\"description\" content=\"Safates dolces i salades per combinar al teu gust. Prepara el teu c\u00e0tering per celebracions familiars, aniversaris o reunions de feina.\" \/>\n<meta name=\"robots\" content=\"index, follow, max-snippet:-1, max-image-preview:large, max-video-preview:-1\" \/>\n<link rel=\"canonical\" href=\"https:\/\/www.canrosell.com\/es\/caterings\/\" \/>\n<meta property=\"og:locale\" content=\"es_ES\" \/>\n<meta property=\"og:type\" content=\"article\" \/>\n<meta property=\"og:title\" content=\"C\u00e0terings. Safates dolces i salades per reunions i celebracions\" \/>\n<meta property=\"og:description\" content=\"Safates dolces i salades per combinar al teu gust. Prepara el teu c\u00e0tering per celebracions familiars, aniversaris o reunions de feina.\" \/>\n<meta property=\"og:url\" content=\"https:\/\/www.canrosell.com\/es\/caterings\/\" \/>\n<meta property=\"og:site_name\" content=\"Can Rosell\" \/>\n<meta property=\"article:modified_time\" content=\"2025-10-29T09:57:16+00:00\" \/>\n<meta name=\"twitter:card\" content=\"summary_large_image\" \/>\n<meta name=\"twitter:label1\" content=\"Tiempo de lectura\" \/>\n\t<meta name=\"twitter:data1\" content=\"1 minuto\" \/>\n<script type=\"application\/ld+json\" class=\"yoast-schema-graph\">{\"@context\":\"https:\/\/schema.org\",\"@graph\":[{\"@type\":\"WebPage\",\"@id\":\"https:\/\/www.canrosell.com\/es\/caterings\/\",\"url\":\"https:\/\/www.canrosell.com\/es\/caterings\/\",\"name\":\"C\u00e0terings. Safates dolces i salades per reunions i celebracions\",\"isPartOf\":{\"@id\":\"https:\/\/www.canrosell.com\/#website\"},\"datePublished\":\"2021-08-06T09:12:31+00:00\",\"dateModified\":\"2025-10-29T09:57:16+00:00\",\"description\":\"Safates dolces i salades per combinar al teu gust. Prepara el teu c\u00e0tering per celebracions familiars, aniversaris o reunions de feina.\",\"breadcrumb\":{\"@id\":\"https:\/\/www.canrosell.com\/es\/caterings\/#breadcrumb\"},\"inLanguage\":\"es\",\"potentialAction\":[{\"@type\":\"ReadAction\",\"target\":[\"https:\/\/www.canrosell.com\/es\/caterings\/\"]}]},{\"@type\":\"BreadcrumbList\",\"@id\":\"https:\/\/www.canrosell.com\/es\/caterings\/#breadcrumb\",\"itemListElement\":[{\"@type\":\"ListItem\",\"position\":1,\"name\":\"Portada\",\"item\":\"https:\/\/www.canrosell.com\/es\/\"},{\"@type\":\"ListItem\",\"position\":2,\"name\":\"Catering\"}]},{\"@type\":\"WebSite\",\"@id\":\"https:\/\/www.canrosell.com\/#website\",\"url\":\"https:\/\/www.canrosell.com\/\",\"name\":\"Can Rosell\",\"description\":\"\",\"potentialAction\":[{\"@type\":\"SearchAction\",\"target\":{\"@type\":\"EntryPoint\",\"urlTemplate\":\"https:\/\/www.canrosell.com\/?s={search_term_string}\"},\"query-input\":{\"@type\":\"PropertyValueSpecification\",\"valueRequired\":true,\"valueName\":\"search_term_string\"}}],\"inLanguage\":\"es\"}]}<\/script>\n<!-- \/ Yoast SEO plugin. -->","yoast_head_json":{"title":"C\u00e0terings. Safates dolces i salades per reunions i celebracions","description":"Safates dolces i salades per combinar al teu gust. Prepara el teu c\u00e0tering per celebracions familiars, aniversaris o reunions de feina.","robots":{"index":"index","follow":"follow","max-snippet":"max-snippet:-1","max-image-preview":"max-image-preview:large","max-video-preview":"max-video-preview:-1"},"canonical":"https:\/\/www.canrosell.com\/es\/caterings\/","og_locale":"es_ES","og_type":"article","og_title":"C\u00e0terings. Safates dolces i salades per reunions i celebracions","og_description":"Safates dolces i salades per combinar al teu gust. Prepara el teu c\u00e0tering per celebracions familiars, aniversaris o reunions de feina.","og_url":"https:\/\/www.canrosell.com\/es\/caterings\/","og_site_name":"Can Rosell","article_modified_time":"2025-10-29T09:57:16+00:00","twitter_card":"summary_large_image","twitter_misc":{"Tiempo de lectura":"1 minuto"},"schema":{"@context":"https:\/\/schema.org","@graph":[{"@type":"WebPage","@id":"https:\/\/www.canrosell.com\/es\/caterings\/","url":"https:\/\/www.canrosell.com\/es\/caterings\/","name":"C\u00e0terings. Safates dolces i salades per reunions i celebracions","isPartOf":{"@id":"https:\/\/www.canrosell.com\/#website"},"datePublished":"2021-08-06T09:12:31+00:00","dateModified":"2025-10-29T09:57:16+00:00","description":"Safates dolces i salades per combinar al teu gust. Prepara el teu c\u00e0tering per celebracions familiars, aniversaris o reunions de feina.","breadcrumb":{"@id":"https:\/\/www.canrosell.com\/es\/caterings\/#breadcrumb"},"inLanguage":"es","potentialAction":[{"@type":"ReadAction","target":["https:\/\/www.canrosell.com\/es\/caterings\/"]}]},{"@type":"BreadcrumbList","@id":"https:\/\/www.canrosell.com\/es\/caterings\/#breadcrumb","itemListElement":[{"@type":"ListItem","position":1,"name":"Portada","item":"https:\/\/www.canrosell.com\/es\/"},{"@type":"ListItem","position":2,"name":"Catering"}]},{"@type":"WebSite","@id":"https:\/\/www.canrosell.com\/#website","url":"https:\/\/www.canrosell.com\/","name":"Can Rosell","description":"","potentialAction":[{"@type":"SearchAction","target":{"@type":"EntryPoint","urlTemplate":"https:\/\/www.canrosell.com\/?s={search_term_string}"},"query-input":{"@type":"PropertyValueSpecification","valueRequired":true,"valueName":"search_term_string"}}],"inLanguage":"es"}]}},"uagb_featured_image_src":{"full":false,"thumbnail":false,"medium":false,"medium_large":false,"large":false,"1536x1536":false,"2048x2048":false,"woocommerce_thumbnail":false,"woocommerce_single":false,"woocommerce_gallery_thumbnail":false},"uagb_author_info":{"display_name":"CanRosellAdmin","author_link":"https:\/\/www.canrosell.com\/es\/author\/canroselladmin\/"},"uagb_comment_info":0,"uagb_excerpt":"Catering Hemos dise\u00f1ado diferentes bandejas dulces y saladas para tus reuniones y celebraciones. Ahora te ofrecemos la posibilidad de degustar nuestros productos artesanos y de calidad de una manera m\u00e1s r\u00e1pida y sencilla a trav\u00e9s de nuestra tienda online. Haz el pedido con 2 d\u00edas de antelaci\u00f3n hasta las 14:30. \u00a0Pedido m\u00ednimo: recogida en tienda&hellip;","jetpack_sharing_enabled":true,"_links":{"self":[{"href":"https:\/\/www.canrosell.com\/es\/wp-json\/wp\/v2\/pages\/4372","targetHints":{"allow":["GET"]}}],"collection":[{"href":"https:\/\/www.canrosell.com\/es\/wp-json\/wp\/v2\/pages"}],"about":[{"href":"https:\/\/www.canrosell.com\/es\/wp-json\/wp\/v2\/types\/page"}],"author":[{"embeddable":true,"href":"https:\/\/www.canrosell.com\/es\/wp-json\/wp\/v2\/users\/1"}],"replies":[{"embeddable":true,"href":"https:\/\/www.canrosell.com\/es\/wp-json\/wp\/v2\/comments?post=4372"}],"version-history":[{"count":11,"href":"https:\/\/www.canrosell.com\/es\/wp-json\/wp\/v2\/pages\/4372\/revisions"}],"predecessor-version":[{"id":4522,"href":"https:\/\/www.canrosell.com\/es\/wp-json\/wp\/v2\/pages\/4372\/revisions\/4522"}],"wp:attachment":[{"href":"https:\/\/www.canrosell.com\/es\/wp-json\/wp\/v2\/media?parent=4372"}],"curies":[{"name":"wp","href":"https:\/\/api.w.org\/{rel}","templated":true}]}}